{"id":1936,"date":"2022-08-22T18:57:17","date_gmt":"2022-08-22T16:57:17","guid":{"rendered":"https:\/\/caserioleandro.com\/?post_type=product&#038;p=1936"},"modified":"2025-12-02T10:26:17","modified_gmt":"2025-12-02T10:26:17","slug":"casa-iii","status":"publish","type":"product","link":"https:\/\/caserioleandro.com\/en\/product\/casa-iii\/","title":{"rendered":"House III"},"content":{"rendered":"<p>Capacidad m\u00e1xima de 4 personas.<\/p>\n<p>Habitaci\u00f3n I : cama de matrimonio<\/p>\n<p>Habitaci\u00f3n II: dos camas individuales<\/p>\n<p><strong>Normas:\u00a0<\/strong><\/p>\n<ul>\n<li>No se permiten mascotas.<\/li>\n<li>Prohibido fumar en el alojamiento<\/li>\n<li>No molestar a partir de las 22:00 horas.<\/li>\n<li>ESTANCIA M\u00cdNIMA 4 NOCHES<\/li>\n<\/ul>\n<p>No dudes en contactar con nosotros ante cualquier problema.<\/p>","protected":false},"excerpt":{"rendered":"<p>Capacidad m\u00e1xima de 4 personas. Habitaci\u00f3n I : cama de matrimonio Habitaci\u00f3n II: dos camas individuales Normas:\u00a0 No se permiten mascotas. Prohibido fumar en el alojamiento No molestar a partir de las 22:00 horas. ESTANCIA M\u00cdNIMA 4 NOCHES No dudes en contactar con nosotros ante cualquier problema.<\/p>","protected":false},"featured_media":1249,"template":"","meta":{"_editorskit_title_hidden":false,"_editorskit_reading_time":0,"_editorskit_is_block_options_detached":false,"_editorskit_block_options_position":"{}","_crdt_document":"","inline_featured_image":false,"_monsterinsights_skip_tracking":false,"_monsterinsights_sitenote_active":false,"_monsterinsights_sitenote_note":"","_monsterinsights_sitenote_category":0},"product_brand":[],"product_cat":[22],"product_tag":[],"class_list":{"0":"post-1936","1":"product","2":"type-product","3":"status-publish","4":"has-post-thumbnail","6":"product_cat-reserva","7":"yith_booking_service-cesta-bio","8":"yith_booking_service-cesta-familia","9":"yith_booking_service-cesta-lenadro","10":"yith_booking_service-cesta-party","11":"yith_booking_service-paquete-de-bienvenida","13":"first","14":"instock","15":"virtual","16":"sold-individually","17":"taxable","18":"purchasable","19":"product-type-booking"},"jetpack_sharing_enabled":true,"_links":{"self":[{"href":"https:\/\/caserioleandro.com\/en\/wp-json\/wp\/v2\/product\/1936","targetHints":{"allow":["GET"]}}],"collection":[{"href":"https:\/\/caserioleandro.com\/en\/wp-json\/wp\/v2\/product"}],"about":[{"href":"https:\/\/caserioleandro.com\/en\/wp-json\/wp\/v2\/types\/product"}],"version-history":[{"count":1,"href":"https:\/\/caserioleandro.com\/en\/wp-json\/wp\/v2\/product\/1936\/revisions"}],"predecessor-version":[{"id":2737,"href":"https:\/\/caserioleandro.com\/en\/wp-json\/wp\/v2\/product\/1936\/revisions\/2737"}],"wp:featuredmedia":[{"embeddable":true,"href":"https:\/\/caserioleandro.com\/en\/wp-json\/wp\/v2\/media\/1249"}],"wp:attachment":[{"href":"https:\/\/caserioleandro.com\/en\/wp-json\/wp\/v2\/media?parent=1936"}],"wp:term":[{"taxonomy":"product_brand","embeddable":true,"href":"https:\/\/caserioleandro.com\/en\/wp-json\/wp\/v2\/product_brand?post=1936"},{"taxonomy":"product_cat","embeddable":true,"href":"https:\/\/caserioleandro.com\/en\/wp-json\/wp\/v2\/product_cat?post=1936"},{"taxonomy":"product_tag","embeddable":true,"href":"https:\/\/caserioleandro.com\/en\/wp-json\/wp\/v2\/product_tag?post=1936"}],"curies":[{"name":"wp","href":"https:\/\/api.w.org\/{rel}","templated":true}]}}